{"id":1550,"date":"2025-02-19T11:04:19","date_gmt":"2025-02-19T11:04:19","guid":{"rendered":"https:\/\/crystal-nature.com\/product\/crystal-dreams-pillow-pad\/"},"modified":"2026-03-16T18:11:43","modified_gmt":"2026-03-16T18:11:43","slug":"crystal-dreams-kissenpad","status":"publish","type":"product","link":"https:\/\/crystal-nature.com\/de\/produkt\/crystal-dreams-kissenpad\/","title":{"rendered":"Crystal Dreams Kissenpad"},"content":{"rendered":"<p>Das Crystal Dreams Kissenpad verwandelt Ihre Ruhezeit in ein tief erholsames Erlebnis. Durch die Integration von 16 verschiedenen, sorgf\u00e4ltig ausgew\u00e4hlten und energetisch aktivierten nat\u00fcrlichen Kristallen kann es dazu beitragen, Spannungen im Kopf-, Nacken- und Schulterbereich zu lindern und h\u00e4ufige Beschwerden wie Kopfschmerzen, Migr\u00e4ne und Unwohlsein zu adressieren. Durchdacht konzipiert, um die Durchblutung im Nackenbereich zu unterst\u00fctzen \u2013 der die Herz-, Achsel- und Kronenenergiezentren verbindet \u2013 f\u00f6rdert es das Gleichgewicht des nat\u00fcrlichen Energieflusses Ihres K\u00f6rpers. Entwickelt zur Unterst\u00fctzung eines erholsamen Schlafs, der Regeneration nach Krankheit oder k\u00f6rperlicher Anstrengung sowie zum Schutz vor verschiedenen Formen allt\u00e4glicher Strahlung, kann es das Immunsystem st\u00e4rken und die Energie steigern. Genie\u00dfen Sie jede Nacht tiefere Entspannung, emotionale Ruhe und neue Vitalit\u00e4t und erwachen Sie erfrischt und regeneriert.<\/p>\n","protected":false},"excerpt":{"rendered":"<p>Verbessern Sie Ihr Schlaferlebnis mit einem Pad, das mit 16 verschiedenen Arten energetisch aktivierter nat\u00fcrlicher Kristalle angereichert ist. Es kann helfen, Spannungen im Kopf-, Nacken- und Schulterbereich zu lindern, Kopfschmerzen und Migr\u00e4ne zu erleichtern, einen tiefen, erholsamen Schlaf zu unterst\u00fctzen, einen ausgeglichenen Energiefluss zu f\u00f6rdern und die allgemeine Vitalit\u00e4t zu steigern.<\/p>\n","protected":false},"featured_media":2285,"comment_status":"open","ping_status":"closed","template":"","meta":{"_acf_changed":false},"product_brand":[],"product_cat":[35],"product_tag":[],"class_list":{"0":"post-1550","1":"product","2":"type-product","3":"status-publish","4":"has-post-thumbnail","6":"product_cat-sie","8":"first","9":"instock","10":"taxable","11":"shipping-taxable","12":"purchasable","13":"product-type-simple"},"acf":[],"yoast_head":"<!-- This site is optimized with the Yoast SEO plugin v26.6 - https:\/\/yoast.com\/wordpress\/plugins\/seo\/ -->\n<title>Crystal Dreams Kissenpad - Crystal Nature<\/title>\n<meta name=\"robots\" content=\"index, follow, max-snippet:-1, max-image-preview:large, max-video-preview:-1\" \/>\n<link rel=\"canonical\" href=\"https:\/\/crystal-nature.com\/de\/produkt\/crystal-dreams-kissenpad\/\" \/>\n<meta property=\"og:locale\" content=\"de_DE\" \/>\n<meta property=\"og:type\" content=\"article\" \/>\n<meta property=\"og:title\" content=\"Crystal Dreams Kissenpad - Crystal Nature\" \/>\n<meta property=\"og:description\" content=\"Verbessern Sie Ihr Schlaferlebnis mit einem Pad, das mit 16 verschiedenen Arten energetisch aktivierter nat\u00fcrlicher Kristalle angereichert ist. Es kann helfen, Spannungen im Kopf-, Nacken- und Schulterbereich zu lindern, Kopfschmerzen und Migr\u00e4ne zu erleichtern, einen tiefen, erholsamen Schlaf zu unterst\u00fctzen, einen ausgeglichenen Energiefluss zu f\u00f6rdern und die allgemeine Vitalit\u00e4t zu steigern.\" \/>\n<meta property=\"og:url\" content=\"https:\/\/crystal-nature.com\/de\/produkt\/crystal-dreams-kissenpad\/\" \/>\n<meta property=\"og:site_name\" content=\"Crystal Nature\" \/>\n<meta property=\"article:modified_time\" content=\"2026-03-16T18:11:43+00:00\" \/>\n<meta property=\"og:image\" content=\"https:\/\/crystal-nature.com\/wp-content\/uploads\/2026\/01\/CN_Image_03-1024x683.jpg\" \/>\n\t<meta property=\"og:image:width\" content=\"1024\" \/>\n\t<meta property=\"og:image:height\" content=\"683\" \/>\n\t<meta property=\"og:image:type\" content=\"image\/jpeg\" \/>\n<meta name=\"twitter:card\" content=\"summary_large_image\" \/>\n<meta name=\"twitter:label1\" content=\"Gesch\u00e4tzte Lesezeit\" \/>\n\t<meta name=\"twitter:data1\" content=\"1\u00a0Minute\" \/>\n<script type=\"application\/ld+json\" class=\"yoast-schema-graph\">{\"@context\":\"https:\/\/schema.org\",\"@graph\":[{\"@type\":\"WebPage\",\"@id\":\"https:\/\/crystal-nature.com\/de\/produkt\/crystal-dreams-kissenpad\/\",\"url\":\"https:\/\/crystal-nature.com\/de\/produkt\/crystal-dreams-kissenpad\/\",\"name\":\"Crystal Dreams Kissenpad - Crystal Nature\",\"isPartOf\":{\"@id\":\"https:\/\/185.58.73.97:443\/#website\"},\"primaryImageOfPage\":{\"@id\":\"https:\/\/crystal-nature.com\/de\/produkt\/crystal-dreams-kissenpad\/#primaryimage\"},\"image\":{\"@id\":\"https:\/\/crystal-nature.com\/de\/produkt\/crystal-dreams-kissenpad\/#primaryimage\"},\"thumbnailUrl\":\"https:\/\/crystal-nature.com\/wp-content\/uploads\/2026\/01\/CN_Image_03.jpg\",\"datePublished\":\"2025-02-19T11:04:19+00:00\",\"dateModified\":\"2026-03-16T18:11:43+00:00\",\"breadcrumb\":{\"@id\":\"https:\/\/crystal-nature.com\/de\/produkt\/crystal-dreams-kissenpad\/#breadcrumb\"},\"inLanguage\":\"de\",\"potentialAction\":[{\"@type\":\"ReadAction\",\"target\":[\"https:\/\/crystal-nature.com\/de\/produkt\/crystal-dreams-kissenpad\/\"]}]},{\"@type\":\"ImageObject\",\"inLanguage\":\"de\",\"@id\":\"https:\/\/crystal-nature.com\/de\/produkt\/crystal-dreams-kissenpad\/#primaryimage\",\"url\":\"https:\/\/crystal-nature.com\/wp-content\/uploads\/2026\/01\/CN_Image_03.jpg\",\"contentUrl\":\"https:\/\/crystal-nature.com\/wp-content\/uploads\/2026\/01\/CN_Image_03.jpg\",\"width\":1920,\"height\":1280},{\"@type\":\"BreadcrumbList\",\"@id\":\"https:\/\/crystal-nature.com\/de\/produkt\/crystal-dreams-kissenpad\/#breadcrumb\",\"itemListElement\":[{\"@type\":\"ListItem\",\"position\":1,\"name\":\"Home\",\"item\":\"https:\/\/crystal-nature.com\/de\/\"},{\"@type\":\"ListItem\",\"position\":2,\"name\":\"Shop\",\"item\":\"https:\/\/crystal-nature.com\/de\/shop\/\"},{\"@type\":\"ListItem\",\"position\":3,\"name\":\"Crystal Dreams Kissenpad\"}]},{\"@type\":\"WebSite\",\"@id\":\"https:\/\/185.58.73.97:443\/#website\",\"url\":\"https:\/\/185.58.73.97:443\/\",\"name\":\"Crystal Nature\",\"description\":\"\",\"potentialAction\":[{\"@type\":\"SearchAction\",\"target\":{\"@type\":\"EntryPoint\",\"urlTemplate\":\"https:\/\/185.58.73.97:443\/?s={search_term_string}\"},\"query-input\":{\"@type\":\"PropertyValueSpecification\",\"valueRequired\":true,\"valueName\":\"search_term_string\"}}],\"inLanguage\":\"de\"}]}<\/script>\n<!-- \/ Yoast SEO plugin. -->","yoast_head_json":{"title":"Crystal Dreams Kissenpad - Crystal Nature","robots":{"index":"index","follow":"follow","max-snippet":"max-snippet:-1","max-image-preview":"max-image-preview:large","max-video-preview":"max-video-preview:-1"},"canonical":"https:\/\/crystal-nature.com\/de\/produkt\/crystal-dreams-kissenpad\/","og_locale":"de_DE","og_type":"article","og_title":"Crystal Dreams Kissenpad - Crystal Nature","og_description":"Verbessern Sie Ihr Schlaferlebnis mit einem Pad, das mit 16 verschiedenen Arten energetisch aktivierter nat\u00fcrlicher Kristalle angereichert ist. Es kann helfen, Spannungen im Kopf-, Nacken- und Schulterbereich zu lindern, Kopfschmerzen und Migr\u00e4ne zu erleichtern, einen tiefen, erholsamen Schlaf zu unterst\u00fctzen, einen ausgeglichenen Energiefluss zu f\u00f6rdern und die allgemeine Vitalit\u00e4t zu steigern.","og_url":"https:\/\/crystal-nature.com\/de\/produkt\/crystal-dreams-kissenpad\/","og_site_name":"Crystal Nature","article_modified_time":"2026-03-16T18:11:43+00:00","og_image":[{"width":1024,"height":683,"url":"https:\/\/crystal-nature.com\/wp-content\/uploads\/2026\/01\/CN_Image_03-1024x683.jpg","type":"image\/jpeg"}],"twitter_card":"summary_large_image","twitter_misc":{"Gesch\u00e4tzte Lesezeit":"1\u00a0Minute"},"schema":{"@context":"https:\/\/schema.org","@graph":[{"@type":"WebPage","@id":"https:\/\/crystal-nature.com\/de\/produkt\/crystal-dreams-kissenpad\/","url":"https:\/\/crystal-nature.com\/de\/produkt\/crystal-dreams-kissenpad\/","name":"Crystal Dreams Kissenpad - Crystal Nature","isPartOf":{"@id":"https:\/\/185.58.73.97:443\/#website"},"primaryImageOfPage":{"@id":"https:\/\/crystal-nature.com\/de\/produkt\/crystal-dreams-kissenpad\/#primaryimage"},"image":{"@id":"https:\/\/crystal-nature.com\/de\/produkt\/crystal-dreams-kissenpad\/#primaryimage"},"thumbnailUrl":"https:\/\/crystal-nature.com\/wp-content\/uploads\/2026\/01\/CN_Image_03.jpg","datePublished":"2025-02-19T11:04:19+00:00","dateModified":"2026-03-16T18:11:43+00:00","breadcrumb":{"@id":"https:\/\/crystal-nature.com\/de\/produkt\/crystal-dreams-kissenpad\/#breadcrumb"},"inLanguage":"de","potentialAction":[{"@type":"ReadAction","target":["https:\/\/crystal-nature.com\/de\/produkt\/crystal-dreams-kissenpad\/"]}]},{"@type":"ImageObject","inLanguage":"de","@id":"https:\/\/crystal-nature.com\/de\/produkt\/crystal-dreams-kissenpad\/#primaryimage","url":"https:\/\/crystal-nature.com\/wp-content\/uploads\/2026\/01\/CN_Image_03.jpg","contentUrl":"https:\/\/crystal-nature.com\/wp-content\/uploads\/2026\/01\/CN_Image_03.jpg","width":1920,"height":1280},{"@type":"BreadcrumbList","@id":"https:\/\/crystal-nature.com\/de\/produkt\/crystal-dreams-kissenpad\/#breadcrumb","itemListElement":[{"@type":"ListItem","position":1,"name":"Home","item":"https:\/\/crystal-nature.com\/de\/"},{"@type":"ListItem","position":2,"name":"Shop","item":"https:\/\/crystal-nature.com\/de\/shop\/"},{"@type":"ListItem","position":3,"name":"Crystal Dreams Kissenpad"}]},{"@type":"WebSite","@id":"https:\/\/185.58.73.97:443\/#website","url":"https:\/\/185.58.73.97:443\/","name":"Crystal Nature","description":"","potentialAction":[{"@type":"SearchAction","target":{"@type":"EntryPoint","urlTemplate":"https:\/\/185.58.73.97:443\/?s={search_term_string}"},"query-input":{"@type":"PropertyValueSpecification","valueRequired":true,"valueName":"search_term_string"}}],"inLanguage":"de"}]}},"_links":{"self":[{"href":"https:\/\/crystal-nature.com\/de\/wp-json\/wp\/v2\/product\/1550","targetHints":{"allow":["GET"]}}],"collection":[{"href":"https:\/\/crystal-nature.com\/de\/wp-json\/wp\/v2\/product"}],"about":[{"href":"https:\/\/crystal-nature.com\/de\/wp-json\/wp\/v2\/types\/product"}],"replies":[{"embeddable":true,"href":"https:\/\/crystal-nature.com\/de\/wp-json\/wp\/v2\/comments?post=1550"}],"wp:featuredmedia":[{"embeddable":true,"href":"https:\/\/crystal-nature.com\/de\/wp-json\/wp\/v2\/media\/2285"}],"wp:attachment":[{"href":"https:\/\/crystal-nature.com\/de\/wp-json\/wp\/v2\/media?parent=1550"}],"wp:term":[{"taxonomy":"product_brand","embeddable":true,"href":"https:\/\/crystal-nature.com\/de\/wp-json\/wp\/v2\/product_brand?post=1550"},{"taxonomy":"product_cat","embeddable":true,"href":"https:\/\/crystal-nature.com\/de\/wp-json\/wp\/v2\/product_cat?post=1550"},{"taxonomy":"product_tag","embeddable":true,"href":"https:\/\/crystal-nature.com\/de\/wp-json\/wp\/v2\/product_tag?post=1550"}],"curies":[{"name":"wp","href":"https:\/\/api.w.org\/{rel}","templated":true}]}}