{"id":1523,"date":"2025-02-19T09:56:33","date_gmt":"2025-02-19T09:56:33","guid":{"rendered":"https:\/\/crystal-nature.com\/product\/crystal-dreams-small-paws-pad\/"},"modified":"2026-03-16T18:12:08","modified_gmt":"2026-03-16T18:12:08","slug":"crystal-dreams-small-paws-pad","status":"publish","type":"product","link":"https:\/\/crystal-nature.com\/de\/produkt\/crystal-dreams-small-paws-pad\/","title":{"rendered":"Crystal Dreams Small Paws Pad"},"content":{"rendered":"<p>Das Crystal Dreams Small Paws Pad wurde speziell f\u00fcr kleine Hunde entwickelt und verwandelt ihre Ruhezeit in ein tief beruhigendes und regenerierendes Erlebnis. Angereichert mit 16 sorgf\u00e4ltig ausgew\u00e4hlten, energetisch aktivierten nat\u00fcrlichen Kristallen, kann es helfen, Ruhe zu f\u00f6rdern, Stress zu reduzieren und tiefe Entspannung zu unterst\u00fctzen, was einen besseren Schlaf und ausgeglichene Energieniveaus beg\u00fcnstigt. An dem Ort platziert, an dem Ihr Hund schl\u00e4ft, unterst\u00fctzt es die nat\u00fcrliche Selbstheilungsf\u00e4higkeit des K\u00f6rpers, lindert Spannungen und k\u00f6rperliche Beschwerden und f\u00f6rdert eine gesunde Durchblutung sowie die Regeneration nach Aktivit\u00e4t, Krankheit oder Operation. Entwickelt zur Unterst\u00fctzung der Immunfunktion und des allgemeinen Wohlbefindens, damit sich Ihr Haustier jeden Tag ruhiger, wohler, verspielter und fr\u00f6hlicher f\u00fchlen kann.<\/p>\n","protected":false},"excerpt":{"rendered":"<p>Verbessern Sie den Schlafplatz Ihres Haustiers mit beruhigender Kristallenergie. Dieses Pad wurde f\u00fcr kleine Hunde entwickelt, ist mit 16 aktivierten nat\u00fcrlichen Kristallen angereichert und kann eine ausgeglichene Energie, nat\u00fcrliche Regeneration und das allgemeine Wohlbefinden unterst\u00fctzen \u2013 damit sich Ihr Haustier jeden Tag ruhiger, verspielter, fr\u00f6hlicher und ges\u00fcnder f\u00fchlt.<\/p>\n","protected":false},"featured_media":2288,"comment_status":"open","ping_status":"closed","template":"","meta":{"_acf_changed":false},"product_brand":[],"product_cat":[34],"product_tag":[],"class_list":{"0":"post-1523","1":"product","2":"type-product","3":"status-publish","4":"has-post-thumbnail","6":"product_cat-haustiere","8":"first","9":"instock","10":"taxable","11":"shipping-taxable","12":"purchasable","13":"product-type-simple"},"acf":[],"yoast_head":"<!-- This site is optimized with the Yoast SEO plugin v26.6 - https:\/\/yoast.com\/wordpress\/plugins\/seo\/ -->\n<title>Crystal Dreams Small Paws Pad - Crystal Nature<\/title>\n<meta name=\"robots\" content=\"index, follow, max-snippet:-1, max-image-preview:large, max-video-preview:-1\" \/>\n<link rel=\"canonical\" href=\"https:\/\/crystal-nature.com\/de\/produkt\/crystal-dreams-small-paws-pad\/\" \/>\n<meta property=\"og:locale\" content=\"de_DE\" \/>\n<meta property=\"og:type\" content=\"article\" \/>\n<meta property=\"og:title\" content=\"Crystal Dreams Small Paws Pad - Crystal Nature\" \/>\n<meta property=\"og:description\" content=\"Verbessern Sie den Schlafplatz Ihres Haustiers mit beruhigender Kristallenergie. Dieses Pad wurde f\u00fcr kleine Hunde entwickelt, ist mit 16 aktivierten nat\u00fcrlichen Kristallen angereichert und kann eine ausgeglichene Energie, nat\u00fcrliche Regeneration und das allgemeine Wohlbefinden unterst\u00fctzen \u2013 damit sich Ihr Haustier jeden Tag ruhiger, verspielter, fr\u00f6hlicher und ges\u00fcnder f\u00fchlt.\" \/>\n<meta property=\"og:url\" content=\"https:\/\/crystal-nature.com\/de\/produkt\/crystal-dreams-small-paws-pad\/\" \/>\n<meta property=\"og:site_name\" content=\"Crystal Nature\" \/>\n<meta property=\"article:modified_time\" content=\"2026-03-16T18:12:08+00:00\" \/>\n<meta property=\"og:image\" content=\"https:\/\/crystal-nature.com\/wp-content\/uploads\/2026\/01\/CN_Image_04-1024x683.jpg\" \/>\n\t<meta property=\"og:image:width\" content=\"1024\" \/>\n\t<meta property=\"og:image:height\" content=\"683\" \/>\n\t<meta property=\"og:image:type\" content=\"image\/jpeg\" \/>\n<meta name=\"twitter:card\" content=\"summary_large_image\" \/>\n<meta name=\"twitter:label1\" content=\"Gesch\u00e4tzte Lesezeit\" \/>\n\t<meta name=\"twitter:data1\" content=\"1\u00a0Minute\" \/>\n<script type=\"application\/ld+json\" class=\"yoast-schema-graph\">{\"@context\":\"https:\/\/schema.org\",\"@graph\":[{\"@type\":\"WebPage\",\"@id\":\"https:\/\/crystal-nature.com\/de\/produkt\/crystal-dreams-small-paws-pad\/\",\"url\":\"https:\/\/crystal-nature.com\/de\/produkt\/crystal-dreams-small-paws-pad\/\",\"name\":\"Crystal Dreams Small Paws Pad - Crystal Nature\",\"isPartOf\":{\"@id\":\"https:\/\/185.58.73.97:443\/#website\"},\"primaryImageOfPage\":{\"@id\":\"https:\/\/crystal-nature.com\/de\/produkt\/crystal-dreams-small-paws-pad\/#primaryimage\"},\"image\":{\"@id\":\"https:\/\/crystal-nature.com\/de\/produkt\/crystal-dreams-small-paws-pad\/#primaryimage\"},\"thumbnailUrl\":\"https:\/\/crystal-nature.com\/wp-content\/uploads\/2026\/01\/CN_Image_04.jpg\",\"datePublished\":\"2025-02-19T09:56:33+00:00\",\"dateModified\":\"2026-03-16T18:12:08+00:00\",\"breadcrumb\":{\"@id\":\"https:\/\/crystal-nature.com\/de\/produkt\/crystal-dreams-small-paws-pad\/#breadcrumb\"},\"inLanguage\":\"de\",\"potentialAction\":[{\"@type\":\"ReadAction\",\"target\":[\"https:\/\/crystal-nature.com\/de\/produkt\/crystal-dreams-small-paws-pad\/\"]}]},{\"@type\":\"ImageObject\",\"inLanguage\":\"de\",\"@id\":\"https:\/\/crystal-nature.com\/de\/produkt\/crystal-dreams-small-paws-pad\/#primaryimage\",\"url\":\"https:\/\/crystal-nature.com\/wp-content\/uploads\/2026\/01\/CN_Image_04.jpg\",\"contentUrl\":\"https:\/\/crystal-nature.com\/wp-content\/uploads\/2026\/01\/CN_Image_04.jpg\",\"width\":1920,\"height\":1280},{\"@type\":\"BreadcrumbList\",\"@id\":\"https:\/\/crystal-nature.com\/de\/produkt\/crystal-dreams-small-paws-pad\/#breadcrumb\",\"itemListElement\":[{\"@type\":\"ListItem\",\"position\":1,\"name\":\"Home\",\"item\":\"https:\/\/crystal-nature.com\/de\/\"},{\"@type\":\"ListItem\",\"position\":2,\"name\":\"Shop\",\"item\":\"https:\/\/crystal-nature.com\/de\/shop\/\"},{\"@type\":\"ListItem\",\"position\":3,\"name\":\"Crystal Dreams Small Paws Pad\"}]},{\"@type\":\"WebSite\",\"@id\":\"https:\/\/185.58.73.97:443\/#website\",\"url\":\"https:\/\/185.58.73.97:443\/\",\"name\":\"Crystal Nature\",\"description\":\"\",\"potentialAction\":[{\"@type\":\"SearchAction\",\"target\":{\"@type\":\"EntryPoint\",\"urlTemplate\":\"https:\/\/185.58.73.97:443\/?s={search_term_string}\"},\"query-input\":{\"@type\":\"PropertyValueSpecification\",\"valueRequired\":true,\"valueName\":\"search_term_string\"}}],\"inLanguage\":\"de\"}]}<\/script>\n<!-- \/ Yoast SEO plugin. -->","yoast_head_json":{"title":"Crystal Dreams Small Paws Pad - Crystal Nature","robots":{"index":"index","follow":"follow","max-snippet":"max-snippet:-1","max-image-preview":"max-image-preview:large","max-video-preview":"max-video-preview:-1"},"canonical":"https:\/\/crystal-nature.com\/de\/produkt\/crystal-dreams-small-paws-pad\/","og_locale":"de_DE","og_type":"article","og_title":"Crystal Dreams Small Paws Pad - Crystal Nature","og_description":"Verbessern Sie den Schlafplatz Ihres Haustiers mit beruhigender Kristallenergie. Dieses Pad wurde f\u00fcr kleine Hunde entwickelt, ist mit 16 aktivierten nat\u00fcrlichen Kristallen angereichert und kann eine ausgeglichene Energie, nat\u00fcrliche Regeneration und das allgemeine Wohlbefinden unterst\u00fctzen \u2013 damit sich Ihr Haustier jeden Tag ruhiger, verspielter, fr\u00f6hlicher und ges\u00fcnder f\u00fchlt.","og_url":"https:\/\/crystal-nature.com\/de\/produkt\/crystal-dreams-small-paws-pad\/","og_site_name":"Crystal Nature","article_modified_time":"2026-03-16T18:12:08+00:00","og_image":[{"width":1024,"height":683,"url":"https:\/\/crystal-nature.com\/wp-content\/uploads\/2026\/01\/CN_Image_04-1024x683.jpg","type":"image\/jpeg"}],"twitter_card":"summary_large_image","twitter_misc":{"Gesch\u00e4tzte Lesezeit":"1\u00a0Minute"},"schema":{"@context":"https:\/\/schema.org","@graph":[{"@type":"WebPage","@id":"https:\/\/crystal-nature.com\/de\/produkt\/crystal-dreams-small-paws-pad\/","url":"https:\/\/crystal-nature.com\/de\/produkt\/crystal-dreams-small-paws-pad\/","name":"Crystal Dreams Small Paws Pad - Crystal Nature","isPartOf":{"@id":"https:\/\/185.58.73.97:443\/#website"},"primaryImageOfPage":{"@id":"https:\/\/crystal-nature.com\/de\/produkt\/crystal-dreams-small-paws-pad\/#primaryimage"},"image":{"@id":"https:\/\/crystal-nature.com\/de\/produkt\/crystal-dreams-small-paws-pad\/#primaryimage"},"thumbnailUrl":"https:\/\/crystal-nature.com\/wp-content\/uploads\/2026\/01\/CN_Image_04.jpg","datePublished":"2025-02-19T09:56:33+00:00","dateModified":"2026-03-16T18:12:08+00:00","breadcrumb":{"@id":"https:\/\/crystal-nature.com\/de\/produkt\/crystal-dreams-small-paws-pad\/#breadcrumb"},"inLanguage":"de","potentialAction":[{"@type":"ReadAction","target":["https:\/\/crystal-nature.com\/de\/produkt\/crystal-dreams-small-paws-pad\/"]}]},{"@type":"ImageObject","inLanguage":"de","@id":"https:\/\/crystal-nature.com\/de\/produkt\/crystal-dreams-small-paws-pad\/#primaryimage","url":"https:\/\/crystal-nature.com\/wp-content\/uploads\/2026\/01\/CN_Image_04.jpg","contentUrl":"https:\/\/crystal-nature.com\/wp-content\/uploads\/2026\/01\/CN_Image_04.jpg","width":1920,"height":1280},{"@type":"BreadcrumbList","@id":"https:\/\/crystal-nature.com\/de\/produkt\/crystal-dreams-small-paws-pad\/#breadcrumb","itemListElement":[{"@type":"ListItem","position":1,"name":"Home","item":"https:\/\/crystal-nature.com\/de\/"},{"@type":"ListItem","position":2,"name":"Shop","item":"https:\/\/crystal-nature.com\/de\/shop\/"},{"@type":"ListItem","position":3,"name":"Crystal Dreams Small Paws Pad"}]},{"@type":"WebSite","@id":"https:\/\/185.58.73.97:443\/#website","url":"https:\/\/185.58.73.97:443\/","name":"Crystal Nature","description":"","potentialAction":[{"@type":"SearchAction","target":{"@type":"EntryPoint","urlTemplate":"https:\/\/185.58.73.97:443\/?s={search_term_string}"},"query-input":{"@type":"PropertyValueSpecification","valueRequired":true,"valueName":"search_term_string"}}],"inLanguage":"de"}]}},"_links":{"self":[{"href":"https:\/\/crystal-nature.com\/de\/wp-json\/wp\/v2\/product\/1523","targetHints":{"allow":["GET"]}}],"collection":[{"href":"https:\/\/crystal-nature.com\/de\/wp-json\/wp\/v2\/product"}],"about":[{"href":"https:\/\/crystal-nature.com\/de\/wp-json\/wp\/v2\/types\/product"}],"replies":[{"embeddable":true,"href":"https:\/\/crystal-nature.com\/de\/wp-json\/wp\/v2\/comments?post=1523"}],"wp:featuredmedia":[{"embeddable":true,"href":"https:\/\/crystal-nature.com\/de\/wp-json\/wp\/v2\/media\/2288"}],"wp:attachment":[{"href":"https:\/\/crystal-nature.com\/de\/wp-json\/wp\/v2\/media?parent=1523"}],"wp:term":[{"taxonomy":"product_brand","embeddable":true,"href":"https:\/\/crystal-nature.com\/de\/wp-json\/wp\/v2\/product_brand?post=1523"},{"taxonomy":"product_cat","embeddable":true,"href":"https:\/\/crystal-nature.com\/de\/wp-json\/wp\/v2\/product_cat?post=1523"},{"taxonomy":"product_tag","embeddable":true,"href":"https:\/\/crystal-nature.com\/de\/wp-json\/wp\/v2\/product_tag?post=1523"}],"curies":[{"name":"wp","href":"https:\/\/api.w.org\/{rel}","templated":true}]}}